{"id":3,"date":"2023-12-20T07:43:55","date_gmt":"2023-12-20T07:43:55","guid":{"rendered":"https:\/\/tgzserramenti.it\/?page_id=3"},"modified":"2024-05-01T10:53:03","modified_gmt":"2024-05-01T10:53:03","slug":"privacy-cookie-policy","status":"publish","type":"page","link":"https:\/\/tgzserramenti.it\/index.php\/privacy-cookie-policy\/","title":{"rendered":"Privacy e Cookie Policy"},"content":{"rendered":"<div class=\"wpb-content-wrapper\"><p>[vc_row row_height_percent=&#8221;0&#8243; override_padding=&#8221;yes&#8221; h_padding=&#8221;2&#8243; top_padding=&#8221;4&#8243; bottom_padding=&#8221;5&#8243; back_color=&#8221;color-xsdn&#8221; overlay_alpha=&#8221;0&#8243; gutter_size=&#8221;3&#8243; column_width_percent=&#8221;100&#8243; shift_y=&#8221;0&#8243; z_index=&#8221;0&#8243; top_divider=&#8221;gradient&#8221; row_name=&#8221;Welcome&#8221; uncode_shortcode_id=&#8221;121998&#8243; back_color_type=&#8221;uncode-palette&#8221;][vc_column column_width_use_pixel=&#8221;yes&#8221; position_vertical=&#8221;middle&#8221; align_horizontal=&#8221;align_center&#8221; gutter_size=&#8221;3&#8243; style=&#8221;dark&#8221; overlay_alpha=&#8221;50&#8243; shift_x=&#8221;0&#8243; shift_y=&#8221;0&#8243; shift_y_down=&#8221;0&#8243; z_index=&#8221;0&#8243; medium_width=&#8221;0&#8243; mobile_width=&#8221;0&#8243; zoom_width=&#8221;0&#8243; zoom_height=&#8221;0&#8243; width=&#8221;1\/1&#8243; column_width_pixel=&#8221;900&#8243;][vc_custom_heading text_color=&#8221;color-prif&#8221; text_font=&#8221;font-134380&#8243; text_size=&#8221;fontsize-898533&#8243; text_weight=&#8221;500&#8243; uncode_shortcode_id=&#8221;753336&#8243; text_color_type=&#8221;uncode-palette&#8221;]Privacy e Cookie Policy[\/vc_custom_heading][vc_empty_space empty_h=&#8221;2&#8243;][vc_column_text text_color=&#8221;color-wvjs&#8221; uncode_shortcode_id=&#8221;155110&#8243; text_color_type=&#8221;uncode-palette&#8221;]Privacy Policy<\/p>\n<p>La presente informativa \u00e8 redatta per informarti dei principi in materia di riservatezza che regolano l\u2019uso da parte di TGZ serramenti dei dati forniti dai clienti e raccolti attraverso questo sito internet. Si descrivono le modalit\u00e0 di gestione del sito in riferimento al trattamento dei dati personali degli utenti che lo consultano.<\/p>\n<p>Si tratta di un&#8217;informativa che \u00e8 resa ai sensi del GDPR General Data Protection Regulation &#8211; Regolamento UE 2016\/679 a coloro che interagiscono con i servizi Web di TGZ serramenti, accessibili per via telematica a partire dall&#8217;indirizzo https:\/\/www.tgzserramenti.it corrispondente alla pagina iniziale del sito ufficiale di TGZ serramenti.<\/p>\n<p>L&#8217;informativa \u00e8 resa solo per il presente sito internet e non anche per altri siti Web eventualmente consultati dall&#8217;utente tramite link presenti su questo sito.<\/p>\n<p>TITOLARE E RESPONSABILE DEL TRATTAMENTO<\/p>\n<p>A seguito della consultazione di questo sito possono essere trattati dati relativi a persone identificate o identificabili. Il titolare del trattamento dei dati \u00e8 il TGZ serramenti con sede in Viale I Maggio, 85 &#8211; 33082 Azzimo Decimo (PN).<\/p>\n<p>Il nominativo del responsabile del trattamento \u00e8 disponibile presso la predetta sede del titolare.<\/p>\n<p>SOGGETTI AUTORIZZATI AL TRATTAMENTO E LUOGO DI TRATTAMENTO DEI DATI<\/p>\n<p>I trattamenti connessi ai servizi Web di questo sito hanno luogo presso la predetta sede di TGZ serramenti e sono curati solo da personale interno incaricato del trattamento, oppure da eventuali incaricati di occasionali operazioni di manutenzione e gestione del sito. Nessun dato derivante dal servizio web viene comunicato o diffuso.<\/p>\n<p>DATI TRATTATI E FINALITA\u2019<\/p>\n<p>Dati di navigazione &#8211; I sistemi informatici e le procedure software preposte al funzionamento di questo sito Web acquisiscono, nel corso del loro normale esercizio, alcuni dati personali la cui trasmissione \u00e8 implicita nell&#8217;uso dei protocolli di comunicazione di Internet.<\/p>\n<p>Si tratta di informazioni che non sono raccolte per essere associate a interessati identificati, ma che per loro stessa natura potrebbero, attraverso elaborazioni ed associazioni con dati detenuti da terzi, permettere di identificare gli utenti. In questa categoria di dati rientrano gli indirizzi IP o i nomi a dominio dei computer utilizzati dagli utenti che si connettono al sito, gli indirizzi in notazione URI (Uniform Resource Identifier) delle risorse richieste, l&#8217;orario della richiesta, il metodo utilizzato nel sottoporre la richiesta al server, la dimensione del file ottenuto in risposta, il codice numerico indicante lo stato della risposta data dal server (buon fine, errore, ecc.) ed altri parametri relativi al sistema operativo e all&#8217;ambiente informatico dell&#8217;utente.<\/p>\n<p>Questi dati vengono utilizzati al solo fine di ricavare informazioni statistiche anonime sull&#8217;uso del sito e per controllarne il corretto funzionamento. I dati potrebbero essere utilizzati per l&#8217;accertamento di responsabilit\u00e0 in caso di ipotetici reati informatici ai danni del sito solo su richiesta degli organi di vigilanza preposti.<\/p>\n<p>Dati forniti volontariamente dall&#8217;utente \u2013 I dati personali forniti dall\u2019utente tramite form sono raccolti e trattati:<\/p>\n<p>per lo svolgimento delle attivit\u00e0 di relazione con il cliente e per rispondere alle richieste dello stesso;<\/p>\n<p>per per finalit\u00e0 amministrative e per l\u2019adempimento di obblighi di legge (es. di natura contabile, fiscale);<\/p>\n<p>per l\u2019invio periodico tramite e-mail di newsletter e materiale pubblicitario, previo specifico consenso;<\/p>\n<p>per ricevere comunicazioni promozionali o richieste per partecipare ad analisi e ricerche di mercato, previo specifico consenso;<\/p>\n<p>esclusivamente per finalit\u00e0 di selezione, nel caso di invio di curriculum vitae.<\/p>\n<p>Nei casi espressamente indicati la base giuridica che legittima il trattamento \u00e8 il consenso liberamente fornito dall\u2019utente, in alternativa l\u2019esecuzione di un contratto di cui l\u2019interessato \u00e8 parte.<\/p>\n<p>COOKIES &#8211; I cookies sono dati creati da un server che sono memorizzati in file di testo sull\u2019hard disk del Suo computer e consentono il funzionamento del presente sito internet, l\u2019uso di una specifica funzionalit\u00e0 esplicitamente richiesta dall\u2019utente ovvero permettono di migliorare il funzionamento di questo sito, come i cookie che rendono la navigazione pi\u00f9 veloce o che mostrano i contenuti di maggiore interesse per l\u2019utente in funzione delle scelte precedenti. I cookies possono essere permanenti (c.d. cookies persistenti), ma possono anche avere una durata limitata (c.d. cookies di sessione). Questo sito pu\u00f2 utilizzare sia cookies persistenti che di sessione. Quelli di sessione non vengono memorizzati in modo permanente sul Suo computer e svaniscono con la chiusura del browser. Quelli persistenti servono per personalizzare la navigazione in funzione dello strumento utilizzato dall\u2019utente (computer, tablet, smartphone) cos\u00ec come i cookies di terze parti che servono per analizzare gli accessi del sito (es. Google Analytics)\u00a0e per permettere agli utenti di condividere i contenuti del sito attraverso social network (FB) o e-mail (Add This). Questi cookies, vengono memorizzati in modo permanente sul Suo computer e hanno una durata variabile.<\/p>\n<p>NATURA DEL CONFERIMENTO<\/p>\n<p>A parte quanto specificato per i dati di navigazione, l&#8217;utente \u00e8 libero di fornire i dati personali riportati nei moduli di richiesta o comunque indicati in contatti per sollecitare l&#8217;invio di materiale informativo o di altre comunicazioni. Il loro mancato conferimento pu\u00f2 comportare l&#8217;impossibilit\u00e0 di ottenere quanto richiesto in forma anche anonima.<\/p>\n<p>MODALITA\u2019 DI TRATTAMENTO E TEMPO DI CONSERVAZIONE DEI DATI<\/p>\n<p>I dati personali sono trattati con strumenti automatizzati, informatici o mediante elaborazione manuale sempre nel rispetto della finalit\u00e0 per la quale i dati personali sono stati raccolti e in modo da garantire in ogni caso la sicurezza dei medesimi. I dati sono conservati per il tempo strettamente necessario a conseguire gli scopi per cui sono stati raccolti, nel rispetto delle normative vigenti e degli obblighi di legge.<\/p>\n<p>DIRITTI DELL\u2019INTERESSATO<\/p>\n<p>I soggetti cui si riferiscono i dati personali hanno il diritto in qualunque momento di ottenere la conferma dell&#8217;esistenza o meno dei medesimi dati e di conoscerne il contenuto e l&#8217;origine, verificarne l&#8217;esattezza o chiederne l&#8217;integrazione o l&#8217;aggiornamento, oppure la rettifica. Hanno altres\u00ec il diritto di chiedere la cancellazione, la trasformazione in forma anonima o il blocco dei dati trattati in violazione di legge, nonch\u00e8 di opporsi in ogni caso, per motivi legittimi, al loro trattamento. Questa informativa sulla privacy pu\u00f2 essere modificata periodicamente e l&#8217;uso delle informazioni raccolte \u00e8 soggetto all&#8217;informativa sulla privacy in effetto al momento dell&#8217;uso.<\/p>\n<p>Il presente documento costituisce l\u2019informativa sulla Privacy di questo sito internet e sar\u00e0 soggetto ad aggiornamenti.[\/vc_column_text][\/vc_column][\/vc_row]<\/p>\n<\/div>","protected":false},"excerpt":{"rendered":"<p>[vc_row row_height_percent=&#8221;0&#8243; override_padding=&#8221;yes&#8221; h_padding=&#8221;2&#8243; top_padding=&#8221;4&#8243; bottom_padding=&#8221;5&#8243; back_color=&#8221;color-xsdn&#8221; overlay_alpha=&#8221;0&#8243; gutter_size=&#8221;3&#8243; column_width_percent=&#8221;100&#8243; shift_y=&#8221;0&#8243; z_index=&#8221;0&#8243; top_divider=&#8221;gradient&#8221; row_name=&#8221;Welcome&#8221; uncode_shortcode_id=&#8221;121998&#8243; back_color_type=&#8221;uncode-palette&#8221;][vc_column column_width_use_pixel=&#8221;yes&#8221; position_vertical=&#8221;middle&#8221; align_horizontal=&#8221;align_center&#8221; gutter_size=&#8221;3&#8243; [&hellip;]<\/p>\n","protected":false},"author":1,"featured_media":0,"parent":0,"menu_order":0,"comment_status":"closed","ping_status":"closed","template":"","meta":{"footnotes":""},"class_list":["post-3","page","type-page","status-publish","hentry"],"_links":{"self":[{"href":"https:\/\/tgzserramenti.it\/index.php\/wp-json\/wp\/v2\/pages\/3","targetHints":{"allow":["GET"]}}],"collection":[{"href":"https:\/\/tgzserramenti.it\/index.php\/wp-json\/wp\/v2\/pages"}],"about":[{"href":"https:\/\/tgzserramenti.it\/index.php\/wp-json\/wp\/v2\/types\/page"}],"author":[{"embeddable":true,"href":"https:\/\/tgzserramenti.it\/index.php\/wp-json\/wp\/v2\/users\/1"}],"replies":[{"embeddable":true,"href":"https:\/\/tgzserramenti.it\/index.php\/wp-json\/wp\/v2\/comments?post=3"}],"version-history":[{"count":3,"href":"https:\/\/tgzserramenti.it\/index.php\/wp-json\/wp\/v2\/pages\/3\/revisions"}],"predecessor-version":[{"id":251,"href":"https:\/\/tgzserramenti.it\/index.php\/wp-json\/wp\/v2\/pages\/3\/revisions\/251"}],"wp:attachment":[{"href":"https:\/\/tgzserramenti.it\/index.php\/wp-json\/wp\/v2\/media?parent=3"}],"curies":[{"name":"wp","href":"https:\/\/api.w.org\/{rel}","templated":true}]}}