{"id":49,"date":"2024-04-30T08:58:17","date_gmt":"2024-04-30T08:58:17","guid":{"rendered":"https:\/\/tgzserramenti.it\/?page_id=49"},"modified":"2025-04-10T13:07:57","modified_gmt":"2025-04-10T13:07:57","slug":"finestre-in-alluminio-wnd","status":"publish","type":"page","link":"https:\/\/tgzserramenti.it\/index.php\/finestre-in-alluminio-wnd\/","title":{"rendered":"Finestre in alluminio &#8211; WnD"},"content":{"rendered":"<div class=\"wpb-content-wrapper\"><p>[vc_row row_height_percent=&#8221;0&#8243; override_padding=&#8221;yes&#8221; h_padding=&#8221;2&#8243; top_padding=&#8221;5&#8243; bottom_padding=&#8221;3&#8243; overlay_alpha=&#8221;100&#8243; gutter_size=&#8221;100&#8243; column_width_percent=&#8221;100&#8243; shift_y=&#8221;0&#8243; z_index=&#8221;0&#8243; style=&#8221;inherited&#8221; uncode_shortcode_id=&#8221;279502&#8243;][vc_column column_width_use_pixel=&#8221;yes&#8221; align_horizontal=&#8221;align_center&#8221; gutter_size=&#8221;2&#8243; font_family=&#8221;font-613363&#8243; overlay_alpha=&#8221;50&#8243; shift_x=&#8221;0&#8243; shift_y=&#8221;0&#8243; shift_y_down=&#8221;0&#8243; z_index=&#8221;0&#8243; medium_width=&#8221;0&#8243; mobile_width=&#8221;0&#8243; zoom_width=&#8221;0&#8243; zoom_height=&#8221;0&#8243; width=&#8221;1\/1&#8243; column_width_pixel=&#8221;800&#8243; uncode_shortcode_id=&#8221;126944&#8243;][vc_icon icon_image=&#8221;132&#8243; media_size=&#8221;250px&#8221; uncode_shortcode_id=&#8221;967573&#8243;][\/vc_icon][vc_empty_space empty_h=&#8221;4&#8243;][vc_custom_heading text_color=&#8221;color-prif&#8221; heading_semantic=&#8221;h3&#8243; text_font=&#8221;font-134380&#8243; text_weight=&#8221;500&#8243; uncode_shortcode_id=&#8221;755127&#8243; text_color_type=&#8221;uncode-palette&#8221;]WnD: qualit\u00e0 e design per le tue finestre in alluminio[\/vc_custom_heading][vc_column_text uncode_shortcode_id=&#8221;115303&#8243;]La nostra proposta di finestre in alluminio \u00e8 una scelta eccellente se cerchi qualit\u00e0, resistenza e attenzione al design per i tuoi nuovi infissi. Da TGZ Serramenti trovi infatti i prodotti firmati WnD, una selezione di finestre in alluminio progettate per soddisfare le necessit\u00e0 dei nostri clienti pi\u00f9 esigenti. WnD \u00e8 un\u2019azienda nota in Europa per il grado di design e innovazione che caratterizza le proprie chiusure. Dal design minimal e le vetrocamere particolarmente ampie, questi serramenti sono dei raffinati elementi d\u2019arredo che possono donare un tocco di stile ed eleganza anche ai contesti pi\u00f9 ricercati. Le chiusure WnD sono il risultato di anni di esperienza nel settore e dell&#8217;utilizzo dei migliori materiali disponibili sul mercato: ogni finestra \u00e8 progettata per garantire una perfetta tenuta termica ed acustica, cos\u00ec da assicurare il giusto grado di comfort e il corretto isolamento in ogni ambiente. Grazie alla resistenza dell\u2019alluminio, inoltre, richiedono pochissima manutenzioni nel tempo per preservare la loro bellezza e una perfetta funzionalit\u00e0.[\/vc_column_text][vc_empty_space empty_h=&#8221;3&#8243;][\/vc_column][\/vc_row][vc_row unlock_row_content=&#8221;yes&#8221; row_height_percent=&#8221;100&#8243; override_padding=&#8221;yes&#8221; h_padding=&#8221;0&#8243; top_padding=&#8221;0&#8243; bottom_padding=&#8221;0&#8243; back_color=&#8221;color-wayh&#8221; back_image=&#8221;385&#8243; overlay_alpha=&#8221;50&#8243; equal_height=&#8221;yes&#8221; gutter_size=&#8221;3&#8243; column_width_percent=&#8221;100&#8243; shift_y=&#8221;0&#8243; z_index=&#8221;0&#8243; uncode_shortcode_id=&#8221;550520&#8243; back_color_type=&#8221;uncode-palette&#8221; shape_dividers=&#8221;&#8221;][vc_column column_width_percent=&#8221;100&#8243; gutter_size=&#8221;3&#8243; overlay_alpha=&#8221;50&#8243; shift_x=&#8221;0&#8243; shift_y=&#8221;0&#8243; shift_y_down=&#8221;0&#8243; z_index=&#8221;0&#8243; medium_width=&#8221;0&#8243; mobile_width=&#8221;0&#8243; zoom_width=&#8221;0&#8243; zoom_height=&#8221;0&#8243; width=&#8221;1\/1&#8243; mobile_height=&#8221;280&#8243;][\/vc_column][\/vc_row][vc_row row_height_percent=&#8221;0&#8243; override_padding=&#8221;yes&#8221; h_padding=&#8221;2&#8243; top_padding=&#8221;4&#8243; bottom_padding=&#8221;2&#8243; back_color=&#8221;color-lxmt&#8221; overlay_alpha=&#8221;50&#8243; gutter_size=&#8221;3&#8243; column_width_percent=&#8221;100&#8243; shift_y=&#8221;0&#8243; z_index=&#8221;0&#8243; uncode_shortcode_id=&#8221;173871&#8243; back_color_type=&#8221;uncode-palette&#8221;][vc_column width=&#8221;1\/1&#8243;][vc_row_inner limit_content=&#8221;&#8221;][vc_column_inner column_width_use_pixel=&#8221;yes&#8221; align_horizontal=&#8221;align_center&#8221; gutter_size=&#8221;2&#8243; style=&#8221;dark&#8221; overlay_alpha=&#8221;50&#8243; shift_x=&#8221;0&#8243; shift_y=&#8221;0&#8243; shift_y_down=&#8221;0&#8243; z_index=&#8221;0&#8243; medium_width=&#8221;0&#8243; mobile_width=&#8221;0&#8243; width=&#8221;1\/1&#8243; uncode_shortcode_id=&#8221;278983&#8243; column_width_pixel=&#8221;740&#8243;][vc_custom_heading text_color=&#8221;color-prif&#8221; heading_semantic=&#8221;h3&#8243; text_size=&#8221;h1&#8243; text_weight=&#8221;500&#8243; uncode_shortcode_id=&#8221;151899&#8243; text_color_type=&#8221;uncode-palette&#8221;]Stile minimal e massima luminosit\u00e0 con le finestre in alluminio WnD[\/vc_custom_heading][vc_column_text text_color=&#8221;color-wvjs&#8221; uncode_shortcode_id=&#8221;134909&#8243; text_color_type=&#8221;uncode-palette&#8221;]Un altro dei punti di forza delle nostre finestre in alluminio \u00e8 la loro versatilit\u00e0 stilistica. I diversi modelli vantano tutti un design elegante e minimale, e sono disponibili in una vasta gamma di colori e finiture. In questo modo \u00e8 possibile abbinarli perfettamente allo stile architettonico dell\u2019edificio e a quello degli arredi. Che si tratti di un contesto moderno o dal fascino pi\u00f9 tradizionale, grazie all\u2019ampia libert\u00e0 di personalizzazione le finestre in alluminio WnD si integrano armoniosamente in ogni ambiente. Realizzate con vetrocamere extra-light, favoriscono il passaggio della luce naturale in casa per interni pi\u00f9 salubri e confortevoli.[\/vc_column_text][vc_empty_space][\/vc_column_inner][\/vc_row_inner][\/vc_column][\/vc_row][vc_row unlock_row_content=&#8221;yes&#8221; row_height_percent=&#8221;0&#8243; back_color=&#8221;color-lxmt&#8221; overlay_alpha=&#8221;50&#8243; gutter_size=&#8221;3&#8243; column_width_percent=&#8221;100&#8243; shift_y=&#8221;0&#8243; z_index=&#8221;0&#8243; uncode_shortcode_id=&#8221;747254&#8243; back_color_type=&#8221;uncode-palette&#8221;][vc_column column_width_percent=&#8221;100&#8243; gutter_size=&#8221;3&#8243; overlay_alpha=&#8221;50&#8243; shift_x=&#8221;0&#8243; shift_y=&#8221;0&#8243; shift_y_down=&#8221;0&#8243; z_index=&#8221;0&#8243; medium_width=&#8221;0&#8243; mobile_width=&#8221;0&#8243; width=&#8221;1\/1&#8243; uncode_shortcode_id=&#8221;268830&#8243;][vc_single_image media=&#8221;379&#8243; media_width_percent=&#8221;100&#8243; css_animation=&#8221;alpha-anim&#8221; uncode_shortcode_id=&#8221;139193&#8243;][\/vc_column][\/vc_row][vc_row row_height_percent=&#8221;50&#8243; back_color=&#8221;color-lxmt&#8221; overlay_alpha=&#8221;50&#8243; gutter_size=&#8221;3&#8243; column_width_percent=&#8221;100&#8243; shift_y=&#8221;0&#8243; z_index=&#8221;0&#8243; uncode_shortcode_id=&#8221;130743&#8243; back_color_type=&#8221;uncode-palette&#8221;][vc_column column_width_percent=&#8221;100&#8243; gutter_size=&#8221;3&#8243; overlay_alpha=&#8221;50&#8243; shift_x=&#8221;0&#8243; shift_y=&#8221;0&#8243; shift_y_down=&#8221;0&#8243; z_index=&#8221;0&#8243; medium_width=&#8221;0&#8243; mobile_width=&#8221;0&#8243; css_animation=&#8221;left-t-right&#8221; width=&#8221;1\/2&#8243; uncode_shortcode_id=&#8221;674885&#8243;][vc_empty_space][vc_custom_heading text_color=&#8221;color-prif&#8221; heading_semantic=&#8221;h3&#8243; text_weight=&#8221;400&#8243; css_animation=&#8221;left-t-right&#8221; uncode_shortcode_id=&#8221;209938&#8243; text_color_type=&#8221;uncode-palette&#8221;]Tra i prodotti di punta della nostra proposta di finestre in alluminio spicca Titano Evo OC, un serramento innovativo ed elegante che garantisce anche ottime performance di isolamento.[\/vc_custom_heading][\/vc_column][vc_column column_width_percent=&#8221;100&#8243; gutter_size=&#8221;3&#8243; overlay_alpha=&#8221;50&#8243; shift_x=&#8221;0&#8243; shift_y=&#8221;0&#8243; shift_y_down=&#8221;0&#8243; z_index=&#8221;0&#8243; medium_width=&#8221;0&#8243; mobile_width=&#8221;0&#8243; css_animation=&#8221;right-t-left&#8221; width=&#8221;1\/2&#8243; uncode_shortcode_id=&#8221;113301&#8243;][vc_empty_space][vc_column_text css_animation=&#8221;right-t-left&#8221; uncode_shortcode_id=&#8221;154141&#8243;]Scegliendo le finestre in alluminio WnD potrai completare i tuoi spazi con veri e propri serramenti di design. Inoltre si tratta di prodotti particolarmente sicuri contro i tentativi di effrazione: gi\u00e0 nella versione base, infatti, sono dotati di nottolini ottagonali e riscontri di sicurezza che ostacolano i tentativi di scasso. E potrai sempre accessoriarli con vetrocamere anti sfondamento, ferramenta certificata in classe RC2 e maniglie con chiave, per una protezione di altissimo livello.[\/vc_column_text][\/vc_column][\/vc_row][vc_row row_height_percent=&#8221;0&#8243; override_padding=&#8221;yes&#8221; h_padding=&#8221;2&#8243; top_padding=&#8221;5&#8243; bottom_padding=&#8221;2&#8243; back_color=&#8221;color-lxmt&#8221; overlay_color=&#8221;color-xsdn&#8221; overlay_alpha=&#8221;100&#8243; gutter_size=&#8221;100&#8243; column_width_percent=&#8221;100&#8243; shift_y=&#8221;0&#8243; z_index=&#8221;0&#8243; style=&#8221;inherited&#8221; uncode_shortcode_id=&#8221;142433&#8243; back_color_type=&#8221;uncode-palette&#8221; overlay_color_type=&#8221;uncode-palette&#8221;][vc_column column_width_use_pixel=&#8221;yes&#8221; align_horizontal=&#8221;align_center&#8221; gutter_size=&#8221;2&#8243; font_family=&#8221;font-613363&#8243; overlay_alpha=&#8221;50&#8243; shift_x=&#8221;0&#8243; shift_y=&#8221;0&#8243; shift_y_down=&#8221;0&#8243; z_index=&#8221;0&#8243; medium_width=&#8221;0&#8243; mobile_width=&#8221;0&#8243; zoom_width=&#8221;0&#8243; zoom_height=&#8221;0&#8243; width=&#8221;1\/1&#8243; column_width_pixel=&#8221;800&#8243; uncode_shortcode_id=&#8221;263540&#8243;][vc_custom_heading text_color=&#8221;color-prif&#8221; heading_semantic=&#8221;h3&#8243; text_size=&#8221;h1&#8243; text_weight=&#8221;500&#8243; uncode_shortcode_id=&#8221;143315&#8243; text_color_type=&#8221;uncode-palette&#8221;]Galleria WnD[\/vc_custom_heading][\/vc_column][\/vc_row][vc_row unlock_row_content=&#8221;yes&#8221; row_height_percent=&#8221;0&#8243; back_color=&#8221;color-xsdn&#8221; overlay_color=&#8221;color-xsdn&#8221; overlay_alpha=&#8221;50&#8243; gutter_size=&#8221;3&#8243; column_width_percent=&#8221;100&#8243; shift_y=&#8221;0&#8243; z_index=&#8221;0&#8243; uncode_shortcode_id=&#8221;513593&#8243; back_color_type=&#8221;uncode-palette&#8221; overlay_color_type=&#8221;uncode-palette&#8221;][vc_column width=&#8221;1\/1&#8243;][vc_gallery el_id=&#8221;gallery-252533&#8243; medias=&#8221;386,385,384,383,382,381,380,379&#8243; gutter_size=&#8221;3&#8243; screen_lg=&#8221;1000&#8243; screen_md=&#8221;600&#8243; screen_sm=&#8221;480&#8243; single_overlay_opacity=&#8221;50&#8243; single_padding=&#8221;2&#8243; uncode_shortcode_id=&#8221;382239&#8243;][\/vc_column][\/vc_row]<\/p>\n<\/div>","protected":false},"excerpt":{"rendered":"<p>[vc_row row_height_percent=&#8221;0&#8243; override_padding=&#8221;yes&#8221; h_padding=&#8221;2&#8243; top_padding=&#8221;5&#8243; bottom_padding=&#8221;3&#8243; overlay_alpha=&#8221;100&#8243; gutter_size=&#8221;100&#8243; column_width_percent=&#8221;100&#8243; shift_y=&#8221;0&#8243; z_index=&#8221;0&#8243; style=&#8221;inherited&#8221; uncode_shortcode_id=&#8221;279502&#8243;][vc_column column_width_use_pixel=&#8221;yes&#8221; align_horizontal=&#8221;align_center&#8221; gutter_size=&#8221;2&#8243; font_family=&#8221;font-613363&#8243; overlay_alpha=&#8221;50&#8243; shift_x=&#8221;0&#8243; shift_y=&#8221;0&#8243; [&hellip;]<\/p>\n","protected":false},"author":1,"featured_media":0,"parent":0,"menu_order":0,"comment_status":"closed","ping_status":"closed","template":"","meta":{"footnotes":""},"class_list":["post-49","page","type-page","status-publish","hentry"],"_links":{"self":[{"href":"https:\/\/tgzserramenti.it\/index.php\/wp-json\/wp\/v2\/pages\/49","targetHints":{"allow":["GET"]}}],"collection":[{"href":"https:\/\/tgzserramenti.it\/index.php\/wp-json\/wp\/v2\/pages"}],"about":[{"href":"https:\/\/tgzserramenti.it\/index.php\/wp-json\/wp\/v2\/types\/page"}],"author":[{"embeddable":true,"href":"https:\/\/tgzserramenti.it\/index.php\/wp-json\/wp\/v2\/users\/1"}],"replies":[{"embeddable":true,"href":"https:\/\/tgzserramenti.it\/index.php\/wp-json\/wp\/v2\/comments?post=49"}],"version-history":[{"count":7,"href":"https:\/\/tgzserramenti.it\/index.php\/wp-json\/wp\/v2\/pages\/49\/revisions"}],"predecessor-version":[{"id":388,"href":"https:\/\/tgzserramenti.it\/index.php\/wp-json\/wp\/v2\/pages\/49\/revisions\/388"}],"wp:attachment":[{"href":"https:\/\/tgzserramenti.it\/index.php\/wp-json\/wp\/v2\/media?parent=49"}],"curies":[{"name":"wp","href":"https:\/\/api.w.org\/{rel}","templated":true}]}}