{"id":55,"date":"2024-04-30T09:01:48","date_gmt":"2024-04-30T09:01:48","guid":{"rendered":"https:\/\/tgzserramenti.it\/?page_id=55"},"modified":"2025-02-03T22:20:11","modified_gmt":"2025-02-03T22:20:11","slug":"porte-blindate-oikos","status":"publish","type":"page","link":"https:\/\/tgzserramenti.it\/index.php\/porte-blindate-oikos\/","title":{"rendered":"Porte blindate &#8211; Oikos"},"content":{"rendered":"<div class=\"wpb-content-wrapper\"><p>[vc_row row_height_percent=&#8221;0&#8243; override_padding=&#8221;yes&#8221; h_padding=&#8221;2&#8243; top_padding=&#8221;5&#8243; bottom_padding=&#8221;3&#8243; overlay_alpha=&#8221;100&#8243; gutter_size=&#8221;100&#8243; column_width_percent=&#8221;100&#8243; shift_y=&#8221;0&#8243; z_index=&#8221;0&#8243; style=&#8221;inherited&#8221; uncode_shortcode_id=&#8221;279502&#8243;][vc_column column_width_use_pixel=&#8221;yes&#8221; align_horizontal=&#8221;align_center&#8221; gutter_size=&#8221;2&#8243; font_family=&#8221;font-613363&#8243; overlay_alpha=&#8221;50&#8243; shift_x=&#8221;0&#8243; shift_y=&#8221;0&#8243; shift_y_down=&#8221;0&#8243; z_index=&#8221;0&#8243; medium_width=&#8221;0&#8243; mobile_width=&#8221;0&#8243; zoom_width=&#8221;0&#8243; zoom_height=&#8221;0&#8243; width=&#8221;1\/1&#8243; column_width_pixel=&#8221;800&#8243; uncode_shortcode_id=&#8221;126944&#8243;][vc_icon icon_image=&#8221;201&#8243; media_size=&#8221;200px&#8221; uncode_shortcode_id=&#8221;423028&#8243;][\/vc_icon][vc_empty_space empty_h=&#8221;4&#8243;][vc_custom_heading text_color=&#8221;color-prif&#8221; heading_semantic=&#8221;h3&#8243; text_font=&#8221;font-134380&#8243; text_weight=&#8221;500&#8243; uncode_shortcode_id=&#8221;129318&#8243; text_color_type=&#8221;uncode-palette&#8221;]Oikos, da oltre 30 anni le porte blindate per la tua sicurezza[\/vc_custom_heading][vc_column_text uncode_shortcode_id=&#8221;157677&#8243;]Vuoi rendere la tua casa pi\u00f9 sicura contro i tentativi di effrazione? La nostra proposta di porte blindate \u00e8 quello stai cercando. Collaboriamo infatti con Oikos, azienda che da oltre tre decenni \u00e8 impegnata nella progettazione di chiusure ad alta sicurezza. Le porte blindate Oikos incarnano l&#8217;eccellenza italiana nel settore delle porte d&#8217;ingresso ad alte prestazioni, poich\u00e8 uniscono maestria artigianale e tecnologia all\u2019avanguardia in un connubio vincente. Inoltre una delle caratteristiche distintive delle porte blindate Oikos \u00e8 il loro essere altamente personalizzabili. Queste chiusure infatti si adattano perfettamente sia alle tue necessit\u00e0 in termini di stile che alle esigenze di sicurezza. Certificate nelle diverse classi antieffrazione, proteggono efficacamente la casa dai tentativi di intrusione offrendo al tempo stesso un design elegante e ben caratterizzato.[\/vc_column_text][vc_empty_space empty_h=&#8221;3&#8243;][\/vc_column][\/vc_row][vc_row unlock_row_content=&#8221;yes&#8221; row_height_percent=&#8221;100&#8243; override_padding=&#8221;yes&#8221; h_padding=&#8221;0&#8243; top_padding=&#8221;0&#8243; bottom_padding=&#8221;0&#8243; back_color=&#8221;color-wayh&#8221; back_image=&#8221;349&#8243; overlay_alpha=&#8221;50&#8243; equal_height=&#8221;yes&#8221; gutter_size=&#8221;3&#8243; column_width_percent=&#8221;100&#8243; shift_y=&#8221;0&#8243; z_index=&#8221;0&#8243; uncode_shortcode_id=&#8221;194433&#8243; back_color_type=&#8221;uncode-palette&#8221; shape_dividers=&#8221;&#8221;][vc_column column_width_percent=&#8221;100&#8243; gutter_size=&#8221;3&#8243; overlay_alpha=&#8221;50&#8243; shift_x=&#8221;0&#8243; shift_y=&#8221;0&#8243; shift_y_down=&#8221;0&#8243; z_index=&#8221;0&#8243; medium_width=&#8221;0&#8243; mobile_width=&#8221;0&#8243; zoom_width=&#8221;0&#8243; zoom_height=&#8221;0&#8243; width=&#8221;1\/1&#8243; mobile_height=&#8221;280&#8243;][\/vc_column][\/vc_row][vc_row row_height_percent=&#8221;0&#8243; override_padding=&#8221;yes&#8221; h_padding=&#8221;2&#8243; top_padding=&#8221;4&#8243; bottom_padding=&#8221;2&#8243; back_color=&#8221;color-lxmt&#8221; overlay_alpha=&#8221;50&#8243; gutter_size=&#8221;3&#8243; column_width_percent=&#8221;100&#8243; shift_y=&#8221;0&#8243; z_index=&#8221;0&#8243; uncode_shortcode_id=&#8221;173871&#8243; back_color_type=&#8221;uncode-palette&#8221;][vc_column width=&#8221;1\/1&#8243;][vc_row_inner limit_content=&#8221;&#8221;][vc_column_inner column_width_use_pixel=&#8221;yes&#8221; align_horizontal=&#8221;align_center&#8221; gutter_size=&#8221;2&#8243; style=&#8221;dark&#8221; overlay_alpha=&#8221;50&#8243; shift_x=&#8221;0&#8243; shift_y=&#8221;0&#8243; shift_y_down=&#8221;0&#8243; z_index=&#8221;0&#8243; medium_width=&#8221;0&#8243; mobile_width=&#8221;0&#8243; width=&#8221;1\/1&#8243; uncode_shortcode_id=&#8221;278983&#8243; column_width_pixel=&#8221;740&#8243;][vc_custom_heading text_color=&#8221;color-prif&#8221; heading_semantic=&#8221;h3&#8243; text_size=&#8221;h1&#8243; text_weight=&#8221;500&#8243; uncode_shortcode_id=&#8221;174500&#8243; text_color_type=&#8221;uncode-palette&#8221;]La provincia di Pordenone \u00e8 pi\u00f9 sicura con le porte blindate Oikos[\/vc_custom_heading][vc_column_text text_color=&#8221;color-wvjs&#8221; uncode_shortcode_id=&#8221;127273&#8243; text_color_type=&#8221;uncode-palette&#8221;]La sicurezza \u00e8 la prima caratteristica delle nostre porte d&#8217;ingresso, che per\u00f2 sono progettate anche per garantire un eccellente isolamento termico e acustico. Questo si traduce non soltanto in un\u2019efficace protezione dai tentativi di intrusione, ma anche in un adeguato livello di comfort termico e isolamento acustico all&#8217;interno dei tuoi spazi. Un altro vantaggio \u00e8 dato dalla variet\u00e0 dell\u2019offerta. Tra i diversi modelli che compongono la nostra offerta, ad esempio, trovi SYNUA: una porta blindata dal funzionamento a bilico verticale e complanare al muro. Si tratta di una soluzione che unisce sicurezza ed estetica, rivelandosi perfetta per creare ingressi spaziosi e di grande impatto visivo.[\/vc_column_text][vc_empty_space][\/vc_column_inner][\/vc_row_inner][\/vc_column][\/vc_row][vc_row unlock_row_content=&#8221;yes&#8221; row_height_percent=&#8221;0&#8243; back_color=&#8221;color-lxmt&#8221; overlay_alpha=&#8221;50&#8243; gutter_size=&#8221;3&#8243; column_width_percent=&#8221;100&#8243; shift_y=&#8221;0&#8243; z_index=&#8221;0&#8243; uncode_shortcode_id=&#8221;747254&#8243; back_color_type=&#8221;uncode-palette&#8221;][vc_column column_width_percent=&#8221;100&#8243; gutter_size=&#8221;3&#8243; overlay_alpha=&#8221;50&#8243; shift_x=&#8221;0&#8243; shift_y=&#8221;0&#8243; shift_y_down=&#8221;0&#8243; z_index=&#8221;0&#8243; medium_width=&#8221;0&#8243; mobile_width=&#8221;0&#8243; width=&#8221;1\/1&#8243; uncode_shortcode_id=&#8221;268830&#8243;][vc_single_image media=&#8221;350&#8243; media_width_percent=&#8221;100&#8243; css_animation=&#8221;alpha-anim&#8221; uncode_shortcode_id=&#8221;851366&#8243;][\/vc_column][\/vc_row][vc_row row_height_percent=&#8221;50&#8243; back_color=&#8221;color-lxmt&#8221; overlay_alpha=&#8221;50&#8243; gutter_size=&#8221;3&#8243; column_width_percent=&#8221;100&#8243; shift_y=&#8221;0&#8243; z_index=&#8221;0&#8243; uncode_shortcode_id=&#8221;130743&#8243; back_color_type=&#8221;uncode-palette&#8221;][vc_column column_width_percent=&#8221;100&#8243; gutter_size=&#8221;3&#8243; overlay_alpha=&#8221;50&#8243; shift_x=&#8221;0&#8243; shift_y=&#8221;0&#8243; shift_y_down=&#8221;0&#8243; z_index=&#8221;0&#8243; medium_width=&#8221;0&#8243; mobile_width=&#8221;0&#8243; css_animation=&#8221;left-t-right&#8221; width=&#8221;1\/2&#8243; uncode_shortcode_id=&#8221;674885&#8243;][vc_empty_space][vc_custom_heading text_color=&#8221;color-prif&#8221; heading_semantic=&#8221;h3&#8243; text_weight=&#8221;400&#8243; css_animation=&#8221;left-t-right&#8221; uncode_shortcode_id=&#8221;758050&#8243; text_color_type=&#8221;uncode-palette&#8221;]Tutti i modelli di porte blindate Oikos vantano caratteristiche estetiche e funzionali uniche. In questo modo \u00e8 semplice individuare i serramenti adatti a proteggere i diversi contesti abitativi.[\/vc_custom_heading][vc_empty_space][\/vc_column][vc_column column_width_percent=&#8221;100&#8243; gutter_size=&#8221;3&#8243; overlay_alpha=&#8221;50&#8243; shift_x=&#8221;0&#8243; shift_y=&#8221;0&#8243; shift_y_down=&#8221;0&#8243; z_index=&#8221;0&#8243; medium_width=&#8221;0&#8243; mobile_width=&#8221;0&#8243; css_animation=&#8221;right-t-left&#8221; width=&#8221;1\/2&#8243; uncode_shortcode_id=&#8221;113301&#8243;][vc_empty_space][vc_column_text css_animation=&#8221;right-t-left&#8221; uncode_shortcode_id=&#8221;201570&#8243;]Il modello NOVA, ad esempio, \u00e8 una porta di sicurezza a bilico vetrata che si distingue per il suo design moderno. Permette di creare ingressi sicuri, luminosi e accoglienti: perfetta fusione tra eleganza e funzionalit\u00e0, \u00e8 la scelta ideale per gli ambienti che richiedono un tocco di design contemporaneo. Si tratta solo di un paio di esempi, poich\u00e9 le nostre porte blindate sono tantissime e personalizzabili in ogni dettaglio. Passa a trovarci, scegli quelle perfette per te e innalza la sicurezza dei tuoi ambienti a un livello superiore. Con Oikos la protezione \u00e8 di casa.[\/vc_column_text][vc_empty_space][\/vc_column][\/vc_row]<\/p>\n<\/div>","protected":false},"excerpt":{"rendered":"<p>[vc_row row_height_percent=&#8221;0&#8243; override_padding=&#8221;yes&#8221; h_padding=&#8221;2&#8243; top_padding=&#8221;5&#8243; bottom_padding=&#8221;3&#8243; overlay_alpha=&#8221;100&#8243; gutter_size=&#8221;100&#8243; column_width_percent=&#8221;100&#8243; shift_y=&#8221;0&#8243; z_index=&#8221;0&#8243; style=&#8221;inherited&#8221; uncode_shortcode_id=&#8221;279502&#8243;][vc_column column_width_use_pixel=&#8221;yes&#8221; align_horizontal=&#8221;align_center&#8221; gutter_size=&#8221;2&#8243; font_family=&#8221;font-613363&#8243; overlay_alpha=&#8221;50&#8243; shift_x=&#8221;0&#8243; shift_y=&#8221;0&#8243; [&hellip;]<\/p>\n","protected":false},"author":1,"featured_media":0,"parent":0,"menu_order":0,"comment_status":"closed","ping_status":"closed","template":"","meta":{"footnotes":""},"class_list":["post-55","page","type-page","status-publish","hentry"],"_links":{"self":[{"href":"https:\/\/tgzserramenti.it\/index.php\/wp-json\/wp\/v2\/pages\/55","targetHints":{"allow":["GET"]}}],"collection":[{"href":"https:\/\/tgzserramenti.it\/index.php\/wp-json\/wp\/v2\/pages"}],"about":[{"href":"https:\/\/tgzserramenti.it\/index.php\/wp-json\/wp\/v2\/types\/page"}],"author":[{"embeddable":true,"href":"https:\/\/tgzserramenti.it\/index.php\/wp-json\/wp\/v2\/users\/1"}],"replies":[{"embeddable":true,"href":"https:\/\/tgzserramenti.it\/index.php\/wp-json\/wp\/v2\/comments?post=55"}],"version-history":[{"count":5,"href":"https:\/\/tgzserramenti.it\/index.php\/wp-json\/wp\/v2\/pages\/55\/revisions"}],"predecessor-version":[{"id":351,"href":"https:\/\/tgzserramenti.it\/index.php\/wp-json\/wp\/v2\/pages\/55\/revisions\/351"}],"wp:attachment":[{"href":"https:\/\/tgzserramenti.it\/index.php\/wp-json\/wp\/v2\/media?parent=55"}],"curies":[{"name":"wp","href":"https:\/\/api.w.org\/{rel}","templated":true}]}}