{"id":65,"date":"2024-04-30T09:04:13","date_gmt":"2024-04-30T09:04:13","guid":{"rendered":"https:\/\/tgzserramenti.it\/?page_id=65"},"modified":"2024-06-12T19:32:50","modified_gmt":"2024-06-12T19:32:50","slug":"zanzariere","status":"publish","type":"page","link":"https:\/\/tgzserramenti.it\/index.php\/zanzariere\/","title":{"rendered":"Zanzariere"},"content":{"rendered":"<div class=\"wpb-content-wrapper\"><p>[vc_row row_height_percent=&#8221;0&#8243; override_padding=&#8221;yes&#8221; h_padding=&#8221;2&#8243; top_padding=&#8221;5&#8243; bottom_padding=&#8221;3&#8243; overlay_alpha=&#8221;100&#8243; gutter_size=&#8221;100&#8243; column_width_percent=&#8221;100&#8243; shift_y=&#8221;0&#8243; z_index=&#8221;0&#8243; style=&#8221;inherited&#8221; uncode_shortcode_id=&#8221;279502&#8243;][vc_column column_width_use_pixel=&#8221;yes&#8221; align_horizontal=&#8221;align_center&#8221; gutter_size=&#8221;2&#8243; font_family=&#8221;font-613363&#8243; overlay_alpha=&#8221;50&#8243; shift_x=&#8221;0&#8243; shift_y=&#8221;0&#8243; shift_y_down=&#8221;0&#8243; z_index=&#8221;0&#8243; medium_width=&#8221;0&#8243; mobile_width=&#8221;0&#8243; zoom_width=&#8221;0&#8243; zoom_height=&#8221;0&#8243; width=&#8221;1\/1&#8243; column_width_pixel=&#8221;800&#8243; uncode_shortcode_id=&#8221;126944&#8243;][vc_custom_heading text_color=&#8221;color-prif&#8221; text_font=&#8221;font-134380&#8243; text_weight=&#8221;500&#8243; uncode_shortcode_id=&#8221;806824&#8243; text_color_type=&#8221;uncode-palette&#8221;]Zanzariere[\/vc_custom_heading][vc_empty_space empty_h=&#8221;4&#8243;][vc_custom_heading text_color=&#8221;color-prif&#8221; heading_semantic=&#8221;h3&#8243; text_font=&#8221;font-134380&#8243; text_weight=&#8221;500&#8243; uncode_shortcode_id=&#8221;188015&#8243; text_color_type=&#8221;uncode-palette&#8221;]Mai pi\u00f9 mosche e zanzare in casa[\/vc_custom_heading][vc_column_text uncode_shortcode_id=&#8221;928047&#8243;]Cerchi delle nuove zanzariere? Da TGZ Serramenti puoi acquistare i prodotti, azienda del nostro territorio che realizza soluzioni funzionali, robuste ed efficienti. Le zanzariere offrono la perfetta combinazione di protezione dagli insetti e comfort abitativo per la tua casa. Con l&#8217;arrivo dei mesi estivi, infatti, \u00e8 essenziale avere zanzariere di qualit\u00e0 installate per garantire un ambiente interno piacevole e protetto. Grazie alla loro tecnologia e all\u2019utilizzo di materiali di alta qualit\u00e0, le zanzariere creano una barriera efficace contro zanzare, mosche e altri insetti volanti. Questo ti permette di vivere in un ambiente domestico pi\u00f9 salubre, riducendo il rischio di punture e fastidi causati dagli insetti volanti. Ci\u00f2 contribuisce a ridurre il rischio di allergie cutanee e malattie trasmesse da questi ospiti indesiderati, mantenendo un ambiente pi\u00f9 sano e sicuro anche per i nostri amici a quattro zampe.[\/vc_column_text][vc_empty_space empty_h=&#8221;3&#8243;][\/vc_column][\/vc_row][vc_row row_height_percent=&#8221;0&#8243; override_padding=&#8221;yes&#8221; h_padding=&#8221;2&#8243; top_padding=&#8221;4&#8243; bottom_padding=&#8221;2&#8243; back_color=&#8221;color-lxmt&#8221; overlay_alpha=&#8221;50&#8243; gutter_size=&#8221;3&#8243; column_width_percent=&#8221;100&#8243; shift_y=&#8221;0&#8243; z_index=&#8221;0&#8243; uncode_shortcode_id=&#8221;173871&#8243; back_color_type=&#8221;uncode-palette&#8221;][vc_column width=&#8221;1\/1&#8243;][vc_row_inner limit_content=&#8221;&#8221;][vc_column_inner column_width_use_pixel=&#8221;yes&#8221; align_horizontal=&#8221;align_center&#8221; gutter_size=&#8221;2&#8243; style=&#8221;dark&#8221; overlay_alpha=&#8221;50&#8243; shift_x=&#8221;0&#8243; shift_y=&#8221;0&#8243; shift_y_down=&#8221;0&#8243; z_index=&#8221;0&#8243; medium_width=&#8221;0&#8243; mobile_width=&#8221;0&#8243; width=&#8221;1\/1&#8243; uncode_shortcode_id=&#8221;278983&#8243; column_width_pixel=&#8221;740&#8243;][vc_custom_heading text_color=&#8221;color-prif&#8221; heading_semantic=&#8221;h3&#8243; text_size=&#8221;h1&#8243; text_weight=&#8221;500&#8243; uncode_shortcode_id=&#8221;263382&#8243; text_color_type=&#8221;uncode-palette&#8221;]Protezione e comfort per la tua casa[\/vc_custom_heading][vc_column_text text_color=&#8221;color-wvjs&#8221; uncode_shortcode_id=&#8221;120821&#8243; text_color_type=&#8221;uncode-palette&#8221;]Facili da utilizzare e da mantenere efficienti nel tempo, le zanzariere offrono diverse opzioni di apertura (ad esempio con scorrimento laterale, oppure a battente): cos\u00ec puoi scegliere la soluzione pi\u00f9 adatta in base alle tue esigenze funzionali e al design della casa. \u00c8 sufficiente poi una pulizia periodica di base per assicurarne il corretto funzionamento e la durabilit\u00e0 nel tempo. Inoltre le nostre barriere anti insetto consentono una corretta circolazione dell&#8217;aria all&#8217;interno della casa: in questo modo favoriscono la creazione di brezze rinfrescanti, ma senza l&#8217;intrusione di insetti volanti.[\/vc_column_text][vc_empty_space][\/vc_column_inner][\/vc_row_inner][\/vc_column][\/vc_row][vc_row row_height_percent=&#8221;50&#8243; back_color=&#8221;color-xsdn&#8221; overlay_alpha=&#8221;50&#8243; gutter_size=&#8221;3&#8243; column_width_percent=&#8221;100&#8243; shift_y=&#8221;0&#8243; z_index=&#8221;0&#8243; uncode_shortcode_id=&#8221;192599&#8243; back_color_type=&#8221;uncode-palette&#8221;][vc_column column_width_percent=&#8221;100&#8243; gutter_size=&#8221;3&#8243; overlay_alpha=&#8221;50&#8243; shift_x=&#8221;0&#8243; shift_y=&#8221;0&#8243; shift_y_down=&#8221;0&#8243; z_index=&#8221;0&#8243; medium_width=&#8221;0&#8243; mobile_width=&#8221;0&#8243; css_animation=&#8221;left-t-right&#8221; width=&#8221;1\/2&#8243; uncode_shortcode_id=&#8221;674885&#8243;][vc_empty_space][vc_custom_heading text_color=&#8221;color-prif&#8221; heading_semantic=&#8221;h3&#8243; text_weight=&#8221;400&#8243; css_animation=&#8221;left-t-right&#8221; uncode_shortcode_id=&#8221;487599&#8243; text_color_type=&#8221;uncode-palette&#8221;]Installando le nostre zanzariere potrai mantenere facilmente un ambiente interno fresco e confortevole anche durante le giornate pi\u00f9 calde, migliorando il tuo benessere abitativo.[\/vc_custom_heading][vc_empty_space][\/vc_column][vc_column column_width_percent=&#8221;100&#8243; gutter_size=&#8221;3&#8243; overlay_alpha=&#8221;50&#8243; shift_x=&#8221;0&#8243; shift_y=&#8221;0&#8243; shift_y_down=&#8221;0&#8243; z_index=&#8221;0&#8243; medium_width=&#8221;0&#8243; mobile_width=&#8221;0&#8243; css_animation=&#8221;right-t-left&#8221; width=&#8221;1\/2&#8243; uncode_shortcode_id=&#8221;113301&#8243;][vc_empty_space][vc_column_text css_animation=&#8221;right-t-left&#8221; uncode_shortcode_id=&#8221;148931&#8243;]Se stai cercando delle nuove zanzariere di qualit\u00e0 per la tua casa ad Azzano Decimo e nella provincia di Pordenone, i nostri prodotti sono la scelta ideale. Affidati a TGZ Serramenti per l&#8217;installazione professionale e garantita delle zanzariere: in questo modo sar\u00e0 semplice creare uno spazio domestico protetto e confortevole durante tutto l&#8217;anno.[\/vc_column_text][vc_empty_space][\/vc_column][\/vc_row]<\/p>\n<\/div>","protected":false},"excerpt":{"rendered":"<p>[vc_row row_height_percent=&#8221;0&#8243; override_padding=&#8221;yes&#8221; h_padding=&#8221;2&#8243; top_padding=&#8221;5&#8243; bottom_padding=&#8221;3&#8243; overlay_alpha=&#8221;100&#8243; gutter_size=&#8221;100&#8243; column_width_percent=&#8221;100&#8243; shift_y=&#8221;0&#8243; z_index=&#8221;0&#8243; style=&#8221;inherited&#8221; uncode_shortcode_id=&#8221;279502&#8243;][vc_column column_width_use_pixel=&#8221;yes&#8221; align_horizontal=&#8221;align_center&#8221; gutter_size=&#8221;2&#8243; font_family=&#8221;font-613363&#8243; overlay_alpha=&#8221;50&#8243; shift_x=&#8221;0&#8243; shift_y=&#8221;0&#8243; [&hellip;]<\/p>\n","protected":false},"author":1,"featured_media":0,"parent":0,"menu_order":0,"comment_status":"closed","ping_status":"closed","template":"","meta":{"footnotes":""},"class_list":["post-65","page","type-page","status-publish","hentry"],"_links":{"self":[{"href":"https:\/\/tgzserramenti.it\/index.php\/wp-json\/wp\/v2\/pages\/65","targetHints":{"allow":["GET"]}}],"collection":[{"href":"https:\/\/tgzserramenti.it\/index.php\/wp-json\/wp\/v2\/pages"}],"about":[{"href":"https:\/\/tgzserramenti.it\/index.php\/wp-json\/wp\/v2\/types\/page"}],"author":[{"embeddable":true,"href":"https:\/\/tgzserramenti.it\/index.php\/wp-json\/wp\/v2\/users\/1"}],"replies":[{"embeddable":true,"href":"https:\/\/tgzserramenti.it\/index.php\/wp-json\/wp\/v2\/comments?post=65"}],"version-history":[{"count":6,"href":"https:\/\/tgzserramenti.it\/index.php\/wp-json\/wp\/v2\/pages\/65\/revisions"}],"predecessor-version":[{"id":296,"href":"https:\/\/tgzserramenti.it\/index.php\/wp-json\/wp\/v2\/pages\/65\/revisions\/296"}],"wp:attachment":[{"href":"https:\/\/tgzserramenti.it\/index.php\/wp-json\/wp\/v2\/media?parent=65"}],"curies":[{"name":"wp","href":"https:\/\/api.w.org\/{rel}","templated":true}]}}